{"id":3011,"date":"2023-04-01T16:27:44","date_gmt":"2023-04-01T14:27:44","guid":{"rendered":"https:\/\/alconect.com\/?post_type=product&#038;p=3011"},"modified":"2024-03-23T23:38:57","modified_gmt":"2024-03-23T22:38:57","slug":"plugin-carte-grise-wordpress-la-solution-ultime-pour-vendre-vos-services-dimmatriculation-en-ligne","status":"publish","type":"product","link":"https:\/\/alconect.com\/index.php\/produit\/plugin-carte-grise-wordpress-la-solution-ultime-pour-vendre-vos-services-dimmatriculation-en-ligne","title":{"rendered":"Plugin Carte Grise WordPress : La Solution Ultime pour vendre vos services d&rsquo;immatriculation en Ligne"},"content":{"rendered":"<p>D\u00e9couvrez notre \u00ab\u00a0plugin carte grise\u00a0\u00bb WordPress, la solution id\u00e9ale pour les professionnels souhaitant proposer des services de carte grise en ligne via leur site internet. Ce plugin, compatible avec WooCommerce, transforme votre boutique en ligne en un v\u00e9ritable \u00ab\u00a0site de carte grise en ligne\u00a0\u00bb, offrant un service de qualit\u00e9 similaire aux leaders du march\u00e9.<\/p>\n<p>Notre extension automatis\u00e9e permet la vente de services de carte grise en ligne avec une simplicit\u00e9 in\u00e9gal\u00e9e. Elle int\u00e8gre des fonctionnalit\u00e9s telles que la lecture de plaque d&rsquo;immatriculation pour un calcul rapide du prix en ligne, ainsi qu&rsquo;un formulaire manuel pour les estimations sans plaque d&rsquo;immatriculation. De plus, ce plugin carte grise est compatible avec plus de 15 d\u00e9marches SIV configurables et permet une personnalisation facile des tarifs des prestations.<\/p>\n<p>En tirant parti de WooCommerce, vous pouvez encaisser les paiements par carte bancaire, PayPal ou virement bancaire. Le plugin g\u00e9n\u00e8re automatiquement le co\u00fbt total de la taxe d&rsquo;immatriculation en ajoutant vos marges, simplifiant ainsi le processus de paiement pour vos clients.<\/p>\n<p>Pour faciliter la gestion des documents administratifs, notre plugin carte grise propose un espace de t\u00e9l\u00e9chargement d\u00e9di\u00e9, et la fonction de relance automatique des utilisateurs du simulateur constitue un atout suppl\u00e9mentaire pour am\u00e9liorer l&rsquo;engagement client.<\/p>\n<p>N&rsquo;attendez plus, optez pour notre plugin carte grise WordPress et propulsez votre site de carte grise en ligne vers de nouveaux sommets en termes de performance et de satisfaction client.<\/p>\n<ul>\n<li>Vente des services de carte grise, totalement automatis\u00e9.<\/li>\n<li>Encaissez les paiements par Carte bancaire, Paypal ou virement Grace \u00e0 WooCommerce<\/li>\n<li>Lecture de plaque d\u2019immatriculation pour un calcul rapide du prix en ligne<\/li>\n<li>Formulaire manuel pour un calcul sans plaque d\u2019immatriculation.<\/li>\n<li>Plus de 15 d\u00e9marches SIV configurables<\/li>\n<li>Prix des prestations facilement configurables<\/li>\n<li>Proposez un espace de t\u00e9l\u00e9chargement des documents administratives<\/li>\n<li>NOUVEAU ! Relance automatique des utilisateurs du simulateur !<\/li>\n<\/ul>\n","protected":false},"excerpt":{"rendered":"<p>D\u00e9couvrez notre \u00ab\u00a0plugin carte grise\u00a0\u00bb WordPress, la solution id\u00e9ale pour les professionnels souhaitant proposer des services de carte grise en ligne via leur site internet. Ce plugin, compatible avec WooCommerce, transforme votre boutique en ligne en un v\u00e9ritable \u00ab\u00a0site de carte grise en ligne\u00a0\u00bb, offrant un service de qualit\u00e9 similaire aux leaders du march\u00e9.<\/p>\n","protected":false},"featured_media":1798,"comment_status":"open","ping_status":"closed","template":"","meta":[],"product_cat":[42],"product_tag":[],"class_list":{"0":"post-3011","1":"product","2":"type-product","3":"status-publish","4":"has-post-thumbnail","6":"product_cat-plugins-wordpress","8":"first","9":"instock","10":"downloadable","11":"sold-individually","12":"taxable","13":"shipping-taxable","14":"purchasable","15":"product-type-simple","16":"customify-col"},"_links":{"self":[{"href":"https:\/\/alconect.com\/index.php\/wp-json\/wp\/v2\/product\/3011"}],"collection":[{"href":"https:\/\/alconect.com\/index.php\/wp-json\/wp\/v2\/product"}],"about":[{"href":"https:\/\/alconect.com\/index.php\/wp-json\/wp\/v2\/types\/product"}],"replies":[{"embeddable":true,"href":"https:\/\/alconect.com\/index.php\/wp-json\/wp\/v2\/comments?post=3011"}],"wp:featuredmedia":[{"embeddable":true,"href":"https:\/\/alconect.com\/index.php\/wp-json\/wp\/v2\/media\/1798"}],"wp:attachment":[{"href":"https:\/\/alconect.com\/index.php\/wp-json\/wp\/v2\/media?parent=3011"}],"wp:term":[{"taxonomy":"product_cat","embeddable":true,"href":"https:\/\/alconect.com\/index.php\/wp-json\/wp\/v2\/product_cat?post=3011"},{"taxonomy":"product_tag","embeddable":true,"href":"https:\/\/alconect.com\/index.php\/wp-json\/wp\/v2\/product_tag?post=3011"}],"curies":[{"name":"wp","href":"https:\/\/api.w.org\/{rel}","templated":true}]}}