{"id":2742,"date":"2022-02-14T16:42:21","date_gmt":"2022-02-14T15:42:21","guid":{"rendered":"https:\/\/alconect.com\/?post_type=product&#038;p=2742"},"modified":"2026-04-17T14:54:30","modified_gmt":"2026-04-17T12:54:30","slug":"bouton-de-connexion-plugin-franceconnect-wordpress","status":"publish","type":"product","link":"https:\/\/alconect.com\/index.php\/produit\/bouton-de-connexion-plugin-franceconnect-wordpress","title":{"rendered":"Bouton de connexion plugin FranceConnect pour WordPress"},"content":{"rendered":"<h2>Extension Franceconnect<\/h2>\n<p>A l&rsquo;aide de notre plugin FranceConnect, int\u00e9grez le bouton d&rsquo;authentification FranceConnect sur votre site WordPress ou boutique Woocommerce. L&rsquo;extension Franceconnect, c\u2019est la solution propos\u00e9e par l\u2019\u00c9tat pour s\u00e9curiser et simplifier la connexion \u00e0 plus de 1000 services en ligne.<\/p>\n<p>Conform\u00e9ment \u00e0\u00a0<a href=\"https:\/\/www.legifrance.gouv.fr\/affichTexte.do?cidTexte=JORFTEXT000037611479\" rel=\"nofollow noopener\" target=\"_blank\">l&rsquo;arr\u00eat\u00e9 du 8 novembre 2018 relatif \u00e0 FranceConnect<\/a>, les entreprises ou associations peuvent int\u00e9grer FranceConnect dans les cas suivants :<\/p>\n<ul class=\"list\">\n<li>Elles proposent des services en ligne li\u00e9s \u00e0 la d\u00e9marche de changement d&rsquo;adresse et uniquement pour ces services<\/li>\n<li>Elles proposent des services en ligne dont l&rsquo;usage n\u00e9cessite, conform\u00e9ment \u00e0 un texte r\u00e8glementaire la v\u00e9rification de l&rsquo;identit\u00e9 de leurs utilisateurs.<\/li>\n<\/ul>\n<h2>Qui peut int\u00e9grer le plugin FranceConnect<\/h2>\n<p>En plus des organismes priv\u00e9s indiqu\u00e9s ci-dessus,\u00a0<a href=\"https:\/\/www.gouvernement.fr\/sites\/default\/files\/contenu\/piece-jointe\/2021\/06\/20210618_decision_dinum.pdf\" rel=\"nofollow noopener\" target=\"_blank\">une d\u00e9cision pour exp\u00e9rimenter l&rsquo;utilisation de FranceConnect\u00a0<\/a>permet \u00e0 certaines entreprises ou associations de tester durant un an l\u2019int\u00e9gration de FranceConnect. Cette exp\u00e9rimentation, men\u00e9e avec un nombre maximal de cent personnes morales, vise \u00e0 d\u00e9terminer les nouveaux secteurs d\u2019activit\u00e9 qui trouveraient un b\u00e9n\u00e9fice \u00e0 utiliser FranceConnect afin d\u2019am\u00e9liorer les services rendus \u00e0 leurs utilisateurs. Elle s\u2019inscrit dans les conditions et avec les m\u00eames garanties que celles fix\u00e9es par l\u2019arr\u00eat\u00e9 du 8 novembre 2018.<\/p>\n<p>Pour participer \u00e0 cette exp\u00e9rimentation, les entreprises et associations participantes doivent r\u00e9pondre aux crit\u00e8res suivants :<\/p>\n<h2>Crit\u00e8res d\u2019\u00e9ligibilit\u00e9 du plugin FranceConnect<\/h2>\n<ul class=\"list\">\n<li>Avoir un \u00e9tablissement en France<\/li>\n<li>Exercer son activit\u00e9 depuis plus de 3 ans<\/li>\n<li>Proposer un service par voie \u00e9lectronique, en vue de la fourniture, de l&rsquo;\u00e9change ou du partage d&rsquo;un bien ou d&rsquo;un service, qui concourent :\n<ol class=\"list\">\n<li>aux secteurs de la sant\u00e9, social et m\u00e9dico-social (ex : la prise de rendez-vous, la constitution du dossier patient ou le parcours de soin) ;<\/li>\n<li>au secteur de l\u2019\u00e9ducation et de l\u2019enseignement sup\u00e9rieur (ex : \u00e9tablissements priv\u00e9s, enseignement \u00e0 distance, apprentissage) ;<\/li>\n<li>aux prestations scolaires et p\u00e9riscolaires, aux activit\u00e9s sportives ou socioculturelles (ex : centres de loisirs, clubs sportifs) ;<\/li>\n<li>au transport de personnes (ex : transport collectif de personnes, co-voiturage) ;<\/li>\n<li>\u00e0 la d\u00e9livrance de certificats professionnels vis\u00e9s \u00e0 l\u2019article L. 6113-1 du code du travail ;<\/li>\n<li>\u00e0 la location de biens immobiliers et les v\u00e9hicules.<\/li>\n<\/ol>\n<\/li>\n<\/ul>\n","protected":false},"excerpt":{"rendered":"<p>A l&rsquo;aide de notre plugin FranceConnect, int\u00e9grez le bouton d&rsquo;authentification FranceConnect sur votre site Wordpress ou boutique Woocommerce. L&rsquo;extension Franceconnect, c\u2019est la solution propos\u00e9e par l\u2019\u00c9tat pour s\u00e9curiser et simplifier la connexion \u00e0 plus de 1000 services en ligne.<\/p>\n[video width=\"512\" height=\"288\" mp4=\"https:\/\/alconect.com\/wp-content\/uploads\/2022\/02\/franceconnect-explique-en-2-minutes.mp4\"][\/video]\n<p>&nbsp;<\/p>\n<p>Ce bouton n\u00e9cessite l&rsquo;ouverture d&rsquo;un dossier partenaire aupr\u00e8s du gestionnaire FranceConnect. https:\/\/franceconnect.gouv.fr\/partenaires<\/p>\n<p>&nbsp;<\/p>\n","protected":false},"featured_media":2749,"comment_status":"open","ping_status":"closed","template":"","meta":[],"product_cat":[42],"product_tag":[],"class_list":{"0":"post-2742","1":"product","2":"type-product","3":"status-publish","4":"has-post-thumbnail","6":"product_cat-plugins-wordpress","8":"first","9":"instock","10":"downloadable","11":"virtual","12":"taxable","13":"purchasable","14":"product-type-simple","15":"customify-col","16":"product-has-gallery"},"_links":{"self":[{"href":"https:\/\/alconect.com\/index.php\/wp-json\/wp\/v2\/product\/2742"}],"collection":[{"href":"https:\/\/alconect.com\/index.php\/wp-json\/wp\/v2\/product"}],"about":[{"href":"https:\/\/alconect.com\/index.php\/wp-json\/wp\/v2\/types\/product"}],"replies":[{"embeddable":true,"href":"https:\/\/alconect.com\/index.php\/wp-json\/wp\/v2\/comments?post=2742"}],"wp:featuredmedia":[{"embeddable":true,"href":"https:\/\/alconect.com\/index.php\/wp-json\/wp\/v2\/media\/2749"}],"wp:attachment":[{"href":"https:\/\/alconect.com\/index.php\/wp-json\/wp\/v2\/media?parent=2742"}],"wp:term":[{"taxonomy":"product_cat","embeddable":true,"href":"https:\/\/alconect.com\/index.php\/wp-json\/wp\/v2\/product_cat?post=2742"},{"taxonomy":"product_tag","embeddable":true,"href":"https:\/\/alconect.com\/index.php\/wp-json\/wp\/v2\/product_tag?post=2742"}],"curies":[{"name":"wp","href":"https:\/\/api.w.org\/{rel}","templated":true}]}}