{"id":1796,"date":"2020-04-23T16:44:29","date_gmt":"2020-04-23T14:44:29","guid":{"rendered":"https:\/\/alconect.com\/?post_type=product&#038;p=1796"},"modified":"2025-09-28T02:53:12","modified_gmt":"2025-09-28T00:53:12","slug":"plugin-vente-service-immatriculation-siv","status":"publish","type":"product","link":"https:\/\/alconect.com\/index.php\/produit\/plugin-vente-service-immatriculation-siv","title":{"rendered":"Plugin Carte Grise WordPress &#8211; service SIV"},"content":{"rendered":"<div class=\"elementor-element elementor-element-904d1f5 elementor-column elementor-col-50 elementor-inner-column\" data-id=\"904d1f5\" data-element_type=\"column\">\n<div class=\"elementor-column-wrap elementor-element-populated\">\n<div class=\"elementor-widget-wrap\">\n<div class=\"elementor-element elementor-element-4331cf0 elementor-icon-list--layout-traditional elementor-widget elementor-widget-icon-list\" data-id=\"4331cf0\" data-element_type=\"widget\" data-widget_type=\"icon-list.default\">\n<div class=\"elementor-widget-container\">\n<h2>Vous n&rsquo;avez pas de site ?<\/h2>\n<p>D\u00e9marrez votre site internet WordPress en quelques clics<\/p>\n<p><input type=\"button\" value=\"Commencer avec WordPress\" \/><\/p>\n<p>&nbsp;<\/p>\n<h2>Plugin carte grise WordPress et Woocommerce<\/h2>\n<p>Besoin d&rsquo;un plugin Carte grise WordPress ? Voici l&rsquo;extension parfaite pour vendre vos services de carte grise en ligne. Vous \u00eates une agence, vous souhaitez vendre vos prestations sur internet avec WordPress dans une boutique en ligne WooCommerce, ce plugin est fait pour vous. Voici une solution fonctionnelle qui n\u2019a rien \u00e0 envier aux leader du march\u00e9. Ce plugin g\u00e9n\u00e8re le co\u00fbt exacte de la taxe d&rsquo;immatriculation + vos marges afin de faire payer en ligne vos clients de mani\u00e8re automatique<\/p>\n<\/div>\n<ul>\n<li>\n<h3>Vente des services de carte grise, totalement automatis\u00e9.<\/h3>\n<\/li>\n<li>\n<h3>Encaissez les paiements par Carte bancaire, Paypal ou virement Grace \u00e0 WooCommerce<\/h3>\n<\/li>\n<li>\n<h3>Lecture de plaque d&rsquo;immatriculation pour un calcul rapide du prix en ligne<\/h3>\n<\/li>\n<li>\n<h3>Formulaire manuel pour un calcul sans plaque d&rsquo;immatriculation.<\/h3>\n<\/li>\n<li>\n<h3>Plus de 15 d\u00e9marches SIV configurables<\/h3>\n<\/li>\n<li>\n<h3>Prix des prestations facilement configurables<\/h3>\n<\/li>\n<li>\n<h3>Proposez un espace de t\u00e9l\u00e9chargement des documents administratives<\/h3>\n<\/li>\n<li>\n<h3>NOUVEAU ! Relance automatique des utilisateurs du simulateur !<\/h3>\n<\/li>\n<\/ul>\n<\/div>\n<\/div>\n<\/div>\n<\/div>\n<div class=\"elementor-element elementor-element-5508f54 elementor-column elementor-col-50 elementor-inner-column\" data-id=\"5508f54\" data-element_type=\"column\">\n<div class=\"elementor-column-wrap elementor-element-populated\">\n<div class=\"elementor-widget-wrap\"><\/div>\n<\/div>\n<\/div>\n","protected":false},"excerpt":{"rendered":"<p>Besoin d&rsquo;un plugin Carte grise Wordpress ? Voici l&rsquo;extension parfaite pour vendre vos services de carte grise en ligne, totalement automatis\u00e9. Lecture de plaque d&rsquo;immatriculation pour un calcul rapide du prix en ligne. Prix des prestations facilement configurables. Proposez un espace de t\u00e9l\u00e9chargement des documents administratives<\/p>\n<p><input type=\"button\" value=\"Voir la d\u00e9mo\" \/><\/p>\n<p><em>ATTENTION ARNAQUE AU PLAGIAT &#8211; un site nomm\u00e9 top-plugin reprend une version crack\u00e9e de ce plugin. VOUS RISQUEZ DES PROBLEMES DE MISES A JOUR GRAVES et vous retrouvez avec une solution inexploitable du jour au lendemain. Vous risquez \u00e9galement des poursuites.<\/em><\/p>\n","protected":false},"featured_media":1798,"comment_status":"open","ping_status":"closed","template":"","meta":[],"product_cat":[42],"product_tag":[],"class_list":{"0":"post-1796","1":"product","2":"type-product","3":"status-publish","4":"has-post-thumbnail","6":"product_cat-plugins-wordpress","8":"first","9":"instock","10":"sale","11":"downloadable","12":"virtual","13":"taxable","14":"purchasable","15":"product-type-simple","16":"customify-col","17":"product-has-gallery"},"_links":{"self":[{"href":"https:\/\/alconect.com\/index.php\/wp-json\/wp\/v2\/product\/1796"}],"collection":[{"href":"https:\/\/alconect.com\/index.php\/wp-json\/wp\/v2\/product"}],"about":[{"href":"https:\/\/alconect.com\/index.php\/wp-json\/wp\/v2\/types\/product"}],"replies":[{"embeddable":true,"href":"https:\/\/alconect.com\/index.php\/wp-json\/wp\/v2\/comments?post=1796"}],"wp:featuredmedia":[{"embeddable":true,"href":"https:\/\/alconect.com\/index.php\/wp-json\/wp\/v2\/media\/1798"}],"wp:attachment":[{"href":"https:\/\/alconect.com\/index.php\/wp-json\/wp\/v2\/media?parent=1796"}],"wp:term":[{"taxonomy":"product_cat","embeddable":true,"href":"https:\/\/alconect.com\/index.php\/wp-json\/wp\/v2\/product_cat?post=1796"},{"taxonomy":"product_tag","embeddable":true,"href":"https:\/\/alconect.com\/index.php\/wp-json\/wp\/v2\/product_tag?post=1796"}],"curies":[{"name":"wp","href":"https:\/\/api.w.org\/{rel}","templated":true}]}}